{"id":73751,"date":"2018-10-27T17:25:56","date_gmt":"2018-10-27T15:25:56","guid":{"rendered":"https:\/\/thegoodwins.de\/?page_id=73751"},"modified":"2026-02-24T15:35:45","modified_gmt":"2026-02-24T14:35:45","slug":"datenschutz","status":"publish","type":"page","link":"https:\/\/thegoodwins.de\/en\/datenschutz","title":{"rendered":"<a href=\"https:\/\/thegoodwins.de\/en\/datenschutz\/\">Data Protection<\/a>"},"content":{"rendered":"<div class=\"wpb-content-wrapper\"><div data-parent=\"true\" class=\"vc_row row-container\" id=\"row-unique-0\"><div class=\"row limit-width row-parent\"><div class=\"wpb_row row-inner\"><div class=\"wpb_column pos-top pos-center align_left column_parent col-lg-12 single-internal-gutter\"><div class=\"uncol style-light\"  ><div class=\"uncoltable\"><div class=\"uncell no-block-padding\" ><div class=\"uncont\" ><div class=\"vc_custom_heading_wrap\"><div class=\"heading-text el-text\" ><\/p>\n<h1><mark><a href=\"https:\/\/thegoodwins.de\/en\/datenschutz\/\">Data Protection<\/a><\/mark><\/h1>\n<p>\n<\/div><div class=\"clear\"><\/div><\/div><div class=\"uncode_text_column\" ><p>We are delighted that you are interested in our company. Data protection is a particularly high priority for the management of THE GOODWINS Berlin GmbH. We would therefore like to inform you about the nature, scope, and purpose of the processing of personal data in the context of our company website and the associated functions and content. We collect and process your personal data in accordance with current data protection regulations. If you are unclear about certain terms, you can find the relevant explanations in the <a href=\"https:\/\/dsgvo-gesetz.de\/art-4-dsgvo\/\" target=\"_blank\" rel=\"noopener\">Art. 4 DSGVO<\/a> can be inferred.<\/p>\n<h3>Verantwortliche<\/h3>\n<p>The controller within the meaning of the GDPR is:<br \/>\nTHE GOODWINS Berlin GmbH<br \/>\nSwinem\u00fcnder Stra\u00dfe 121<br \/>\n10435 Berlin\u2028Deutschland<br \/>\nTel.: +49 (0)30 284 897 73<br \/>\nE-Mail:\u00a0<a href=\"mailto:andre@thegoodwins.de\">andre@thegoodwins.de<\/a><br \/>\nWebsite:<a href=\"http:\/\/www.thegoodwins.de\">\u00a0www.thegoodwins.de<\/a><\/p>\n<h3>Data protection officer<\/h3>\n<p>If you have any questions about how your personal data is handled, please contact us by email. Alternatively, you can also contact the responsible data protection officer:<br \/>\nNextwork GmbH, represented by Marco Peters: <a href=\"mailto:datenschutz@nextwork.de\">datenschutz@nextwork.de<\/a><\/p>\n<h3>Changes<\/h3>\n<p>We reserve the right to amend this privacy policy at any time in order to comply with current legal requirements or to reflect changes in our services, for example when introducing new services. Please note that this privacy policy is for your information only and that you do not have to agree to it anywhere on our company website.<\/p>\n<p><mark>Zuletzt aktualisiert: 12.09.2025<\/mark><\/p>\n<h3>Rights of affected persons<\/h3>\n<p>Sie k\u00f6nnen die folgenden Rechte jederzeit \u00fcber uns oder die Kontaktdaten unseres Datenschutzbeauftragten aus\u00fcben:<\/p>\n<p><strong>Art. 15 GDPR, Right of access:<\/strong> The right to be informed about the personal data we process about you and to request information about it.<br \/>\n<strong>Article 16 GDPR, Right to rectification:<\/strong> the right to request that we change or update your personal data if it is inaccurate or incomplete.<br \/>\n<strong>Art. 17 GDPR, Right to erasure:<\/strong> the right to request that we permanently delete your personal data, unless other legal provisions or an overriding interest on our part prevent this.<br \/>\n<strong>Art. 18 GDPR, Right to restriction of processing:<\/strong> Right to restriction \u2013 the right to request that we temporarily or permanently stop processing your personal data.<br \/>\n<strong>Article 20 GDPR, Right to data portability:<\/strong> the right to request a copy of your personal data in electronic format and the right to transfer this personal data to a third party for use.<br \/>\n<strong>Art. 21 GDPR, Right to object:<\/strong> The right to object at any time to the processing of your personal data by us for reasons arising from your particular situation. This right to object requires the existence of special circumstances relating to your personal situation, whereby our rights may conflict with your right to object in individual cases.<br \/>\n<strong>Art. 7(3) GDPR, Right to withdraw consent:<\/strong> You have the right to withdraw your consent at any time. Withdrawing your consent does not affect the lawfulness of processing based on consent before its withdrawal.<br \/>\n<strong>Art. 77 Right to lodge a complaint with a supervisory authority:<\/strong> In addition, you have the right to lodge a complaint with a competent data protection supervisory authority. A list of supervisory authorities (for the non-public sector) with addresses can be found at <a href=\"https:\/\/www.bfdi.bund.de\/DE\/Service\/Anschriften\/Laender\/Laender-node.html\" target=\"_blank\" rel=\"noopener\">https:\/\/www.bfdi.bund.de\/DE\/Service\/Anschriften\/Laender\/Laender-node.html<\/a><\/p>\n<h3>Data security<\/h3>\n<p>To protect the security of your data during transmission, our company website is encrypted and authenticated with TLS 1.3. We use HTTPS as standard.<\/p>\n<h3>Collection of general data and information (server log files)<\/h3>\n<p>The corporate website of THE GOODWINS Berlin GmbH collects a range of general data and information each time the website is accessed by a data subject or an automated system. When processing this data, THE GOODWINS Berlin GmbH does not draw any conclusions about the data subject. Rather, this information is required in order to (1) deliver the content of our website correctly, (2) optimize the content of our website and the advertising for it, (3) ensure the long-term functionality of our information technology systems and the technology of our website, and (4) provide law enforcement authorities with the information necessary for criminal prosecution in the event of a cyberattack. The data in the server log files is stored separately from all personal data provided by a data subject. In particular, the following is recorded: (1) the browser types and versions used, (2) the operating system used by the accessing system, (3) the website from which an accessing system reaches our website (so-called referrer), (4) the subpages accessed via an accessing system on our website, (5) the date and time of access to the website, (6) an Internet Protocol address (IP address), (7) the Internet service provider of the accessing system, and (8) other similar data and information that serves to avert danger in the event of attacks on our information technology systems. Processing is carried out on the basis of Article 6(1)(f) GDPR and is based on our legitimate interest in the security, stability, and functionality of our website.<br \/>\nYour personal data will not be transferred to a third country. We use service providers within the scope of order processing for services, in particular for the provision, maintenance, and servicing of our IT systems and the company website.<br \/>\nIhre Daten werden gel\u00f6scht, sobald sie nicht mehr f\u00fcr den Verarbeitungszweck ben\u00f6tigt werden.<br \/>\nDie Bereitstellung von personenbezogenen Daten wie der IP-Adresse und Cookie-Identifikatoren ist weder durch Gesetze noch durch vertragliche Vereinbarungen zwingend erforderlich. Jedoch ist eine angemessene Servicequalit\u00e4t und die Funktionsf\u00e4higkeit der Webseite ohne diese Informationen nicht gew\u00e4hrleistet. Zudem k\u00f6nnten bestimmte Dienste und Angebote ohne diese Daten nur eingeschr\u00e4nkt oder gar nicht zur Verf\u00fcgung stehen.<\/p>\n<h3>Contact<\/h3>\n<p>Our website contains contact information that enables you to communicate with us quickly. We process your personal data for the purpose of handling your request. If you contact us by email, telephone, or mail, your personal data will be transferred to our database systems and stored.<\/p>\n<p>The legal basis for processing the data you provide when contacting us is Art. 6 (1) (b) GDPR, provided that your request is related to the performance of a contract or is necessary for the implementation of pre-contractual measures. In all other cases, processing is based on our legitimate interest in the effective processing of inquiries addressed to us (Art. 6 (1) (f) GDPR) or on your consent (Art. 6 (1) (a) GDPR), if this has been requested. Your personal data will not be transferred to countries outside the EU or the EEA. It will be deleted as soon as its intended purpose has been fulfilled. The provision of your data is voluntary, but without this information it is unfortunately not possible for us to contact you.<\/p>\n<h3>Recipients of personal data<\/h3>\n<p>We use external service providers as processors to provide our services and operate our technical and organisational infrastructure. These providers support us in particular in the areas of IT operations, cloud and office services, project and communication systems.<\/p>\n<p>In this context, personal data is transferred to these service providers or they are given access to it. Processing is carried out exclusively on the basis of data processing agreements in accordance with Art. 28 GDPR. There is no joint responsibility within the meaning of Art. 26 GDPR.<\/p>\n<p>If service providers are based outside the European Union or the European Economic Area, personal data will only be processed in compliance with the requirements of Art. 44 ff. GDPR, in particular on the basis of appropriate safeguards.<\/p>\n<h3>Cookies<\/h3>\n<p>We only use technically necessary cookies to operate our company website. These cookies are essential in order to provide you with the functions of our website and to fulfill our legal obligations. The processing of your personal data is based on our legitimate interest pursuant to Art. 6 (1) lit. f GDPR in order to enable you to use our website and to fulfill our legal obligations pursuant to Art. 6 (1) lit. c GDPR.<\/p>\n<h3>Data protection in job applications and during the application process<\/h3>\n<p>We process the personal data received in connection with an application in order to assess suitability for the position in question (or other vacant positions in the company, if applicable) and to carry out the application process. Processing may also be carried out electronically. This is particularly the case when application documents are sent by email. In this context, the following categories of personal data are processed: information in the resume, gender, title, first name, last name, address, telephone number, email address, and the content of any personal messages written. The legal basis for the processing of personal data in the application process is primarily Art. 6 (1) (b) GDPR (fulfillment of (pre)contractual measures). If the data is required for legal purposes after the application process has been completed, data processing may be carried out on the basis of the requirements of Art. 6 GDPR, in particular for the purposes of legitimate interests pursuant to Art. 6 (1) (f) GDPR. Our interest then lies in asserting or defending claims under the General Equal Treatment Act (AGG).  Applicants' data will be deleted after 6 months in the event of rejection. If consent has been given for further storage of personal data, the data will be transferred to a talent pool. The data is deleted after 12 months. If the applicant is offered a position as part of the application process, the data is transferred from the applicant data system to the personnel information system. The applicant data is reviewed by the human resources department after receipt of the application. Suitable applications are then made available for review by the internal department managers responsible for the respective open position. Within the company, only those persons who need the data for the proper conduct of the application process have access to it.  The personal data is stored within the European Union for the application process.<\/p>\n<p>No automated decision-making or profiling takes place as part of the application process. The provision of personal data is neither required by law nor contractually stipulated. However, without the provision of such data, it is not possible to consider your application. Withdrawal of consent means that the data may no longer be processed from that point onwards and can therefore no longer be considered in the application process.<\/p>\n<h3>LinkedIn<\/h3>\n<p>We have integrated components from LinkedIn Corporation into our website. LinkedIn is an Internet-based social network that enables users to connect with existing business contacts and establish new business contacts.<br \/>\nLinkedIn is operated by LinkedIn Corporation, 2029 Stierlin Court Mountain View, CA 94043, USA. LinkedIn Ireland, Privacy Policy Issues, Wilton Plaza, Wilton Place, Dublin 2, Ireland, is responsible for data protection matters outside the USA.<br \/>\nEach time our website, which is equipped with a LinkedIn component (LinkedIn plug-in), is accessed, this component causes the browser used by the data subject to download a corresponding representation of the LinkedIn component. Further information about LinkedIn plug-ins can be found at\u00a0<a href=\"https:\/\/developer.linkedin.com\/plugins\" target=\"_blank\" rel=\"noopener\">https:\/\/developer.linkedin.com\/plugins<\/a>\u00a0be retrieved. As part of this technical process, LinkedIn receives information about which specific subpage of our website is visited by the data subject.<br \/>\nIf the data subject is logged into LinkedIn at the same time, LinkedIn recognizes which specific subpage of our website the data subject visits each time the data subject accesses our website and for the entire duration of their stay on our website. This information is collected by the LinkedIn component and assigned by LinkedIn to the respective LinkedIn account of the data subject. If the data subject clicks on a LinkedIn button integrated into our website, LinkedIn assigns this information to the data subject's personal LinkedIn user account and stores this personal data.<br \/>\nLinkedIn receives information via the LinkedIn component that the data subject has visited our website whenever the data subject is logged into LinkedIn at the same time as visiting our website; this occurs regardless of whether the data subject clicks on the LinkedIn component or not. If the data subject does not want this information to be transmitted to LinkedIn, they can prevent the transmission by logging out of their LinkedIn account before visiting our website.<\/p>\n<p>LinkedIn offers under\u00a0<a href=\"https:\/\/www.linkedin.com\/psettings\/guest-controls\" target=\"_blank\" rel=\"noopener\">https:\/\/www.linkedin.com\/psettings\/guest-controls<\/a>\u00a0the option to unsubscribe from email messages, SMS messages, and targeted ads, as well as to manage ad settings. LinkedIn also uses partners such as Quantcast, Google Analytics, BlueKai, DoubleClick, Nielsen, Comscore, Eloqua, and Lotame, which may set cookies. Such cookies can be found at\u00a0<a href=\"https:\/\/www.linkedin.com\/legal\/cookie-policy\" target=\"_blank\" rel=\"noopener\">https:\/\/www.linkedin.com\/legal\/cookie-policy<\/a>\u00a0be rejected. LinkedIn's current data protection provisions can be found at\u00a0<a href=\"https:\/\/www.linkedin.com\/legal\/privacy-policy\" target=\"_blank\" rel=\"noopener\">https:\/\/www.linkedin.com\/legal\/privacy-policy<\/a>\u00a0available. LinkedIn's cookie policy is available at.\u00a0<a href=\"https:\/\/www.linkedin.com\/legal\/cookie-policy\" target=\"_blank\" rel=\"noopener\">https:\/\/www.linkedin.com\/legal\/cookie-policy<\/a>\u00a0available.<\/p>\n<h3>Routine deletion and blocking of personal data<\/h3>\n<p>The controller processes and stores personal data of the data subject only for the period necessary to achieve the storage purpose or as provided for by the European legislator or another legislator in laws or regulations to which the controller is subject.<br \/>\nIf the purpose for storage no longer applies or if a storage period prescribed by European directives and regulations or other competent legislators expires, personal data is routinely blocked or deleted in accordance with legal requirements.<\/p>\n<h3>Automated decision-making and profiling<\/h3>\n<p>We do not use automated decision-making or profiling.<\/p>\n<h3>Referrer<\/h3>\n<p>When you visit our website or click on external links, your browser may transmit so-called referrer information. This includes the address of the previously visited page. In order to protect your privacy as best as possible, we have implemented a so-called \u201cno-referrer\u201d policy on our website. This means that when loading external content or leaving our site, no referrer information is transmitted to the target page. External services therefore do not know which page you came from. This measure helps to prevent the unnoticed transfer of usage information and complies with the requirements of the GDPR.<\/p>\n<h3>Tracking<\/h3>\n<p>Our website does not use tracking technologies such as Google Analytics, Facebook Pixel, or similar services. No personal usage data is collected or processed. No user profiles are created. No data is passed on to third parties. Our website can be used completely anonymously.<\/p>\n<\/div><\/div><\/div><\/div><\/div><\/div><script id=\"script-row-unique-0\" data-row=\"script-row-unique-0\" type=\"text\/javascript\" class=\"vc_controls\">UNCODE.initRow(document.getElementById(\"row-unique-0\"));<\/script><\/div><\/div><\/div>\n<\/div>","protected":false},"excerpt":{"rendered":"Datenschutz Wir freuen uns sehr \u00fcber Ihr Interesse an unserem Unternehmen. Datenschutz hat einen besonders hohen Stellenwert f\u00fcr die Gesch\u00e4ftsleitung [...]","protected":false},"author":1,"featured_media":0,"parent":0,"menu_order":0,"comment_status":"closed","ping_status":"closed","template":"","meta":{"footnotes":""},"class_list":["post-73751","page","type-page","status-publish","hentry"],"_links":{"self":[{"href":"https:\/\/thegoodwins.de\/en\/wp-json\/wp\/v2\/pages\/73751","targetHints":{"allow":["GET"]}}],"collection":[{"href":"https:\/\/thegoodwins.de\/en\/wp-json\/wp\/v2\/pages"}],"about":[{"href":"https:\/\/thegoodwins.de\/en\/wp-json\/wp\/v2\/types\/page"}],"author":[{"embeddable":true,"href":"https:\/\/thegoodwins.de\/en\/wp-json\/wp\/v2\/users\/1"}],"replies":[{"embeddable":true,"href":"https:\/\/thegoodwins.de\/en\/wp-json\/wp\/v2\/comments?post=73751"}],"version-history":[{"count":1,"href":"https:\/\/thegoodwins.de\/en\/wp-json\/wp\/v2\/pages\/73751\/revisions"}],"predecessor-version":[{"id":81819,"href":"https:\/\/thegoodwins.de\/en\/wp-json\/wp\/v2\/pages\/73751\/revisions\/81819"}],"wp:attachment":[{"href":"https:\/\/thegoodwins.de\/en\/wp-json\/wp\/v2\/media?parent=73751"}],"curies":[{"name":"wp","href":"https:\/\/api.w.org\/{rel}","templated":true}]}}